{"id":281,"date":"2020-11-23T14:54:59","date_gmt":"2020-11-23T13:54:59","guid":{"rendered":"http:\/\/forschung.psyergo.uni-wuerzburg.de\/?page_id=281"},"modified":"2020-12-08T20:30:11","modified_gmt":"2020-12-08T19:30:11","slug":"affinity-diagramm","status":"publish","type":"page","link":"https:\/\/fordemocracy.psyergo.uni-wuerzburg.de\/index.php\/affinity-diagramm\/","title":{"rendered":"Affinity Diagramm"},"content":{"rendered":"\n<h2 class=\"wp-block-heading\">Affinity Diagramm<\/h2>\n\n\n\n<p>2018 haben wir damit begonnen, die Bed\u00fcrfnisse von Bewohner:innen, Stadtangestellten, Politiker:innen und weiteren B\u00fcrger:innen des Hublands zu untersuchen und zusammenzutragen. Dazu haben wir einerseits klassische Interviews mit Einzelpersonen und Gruppen durchgef\u00fchrt, und andererseits gemeinsam mit ihnen zusammengearbeitet und exploriert.<br>Dabei hat uns stets interessiert, wie wir die B\u00fcrger:innen bei der Teilhabe an der Lokalpolitik unterst\u00fctzen k\u00f6nnen. Konkret haben wir in den ersten, offenen Interviews mit 27 B\u00fcrger:innen \u00fcberlegt, was relevante Themen, Fragen und Orte f\u00fcr weitere Untersuchungen sind, wie beispielsweise die Kommunikation zwischen B\u00fcrger:innen und Politiker:innen. Anschlie\u00dfend haben wir auf Grundlage dieser ersten Erkenntnisse weitere Interviews mit 26 B\u00fcrger:innen durchgef\u00fchrt.<\/p>\n\n\n\n<p>Die Erkenntnisse aus unseren Interviews haben wir auf sogenannten Affinity Notes festgehalten und in einem Affinity Diagramm geordnet.<br>Eine Affinity Note enth\u00e4lt dabei immer einen Gedanken, eine Idee, ein Problem oder eine Information aus unseren Interviews wie beispielsweise &#8222;Durch Bekannte und Radio erhalte ich politische Informationen&#8220; oder &#8222;Wer am lautesten schreit, hat gewonnen&#8220;. Im Affinity Diagramm sind alle Notes hierarchisch in Kategorien zusammengestellt, wobei die unterste und kleinste Kategorie ca. vier bis zehn Notes zu einem Bed\u00fcrfnis oder einer Erkenntnis zusammenfasst, beispielsweise &#8222;Ich m\u00f6chte pers\u00f6nlichen Kontakt als Informationsquelle&#8220; oder &#8222;Es st\u00f6rt mich, dass sich energisch auftretende Personen oft durchsetzen&#8220;. Auf zwei weiteren Ebenen werden diese Kategorien weiter zu abstrakteren Kategorien zusammenfasst. So konnten wir alle unsere Erkenntnisse in sieben Oberkategorien ordnen: <\/p>\n\n\n\n<ul class=\"wp-block-list\"><li>F\u00f6rderung politischer Partizipation<\/li><li>Motivation der B\u00fcrger:innen<\/li><li>Informationsbeschaffung<\/li><li>Politik<\/li><li>Dialog zw. B\u00fcrger:innen und Stadt<\/li><li>Dialog zw. B\u00fcrger:innen untereinander<\/li><li>B\u00fcrger:innentreffen<\/li><\/ul>\n\n\n\n<p>Das Affinity Diagram wurde dabei in mehreren Schritten mit Teilnehmer:innen der Hubland-Treffs weiterentwickelt. Unser vollst\u00e4ndiges, aktuelles Affinity Diagramm ist in nachstehendem Miro-Board abgebildet.<\/p>\n\n\n\n<p>Um das Board sehen zu k\u00f6nnen, klicken Sie in der untenstehenden Box auf &#8222;<em>See the board<\/em>&#8220; . Mit dem Mausrad k\u00f6nnen Sie im Board hinein- und herauszoomen. Alternativ k\u00f6nnen Sie <a rel=\"noreferrer noopener\" href=\"https:\/\/miro.com\/app\/board\/o9J_ktQO90U=\/\" target=\"_blank\"><u>das Board hier ansehen<\/u><\/a> oder \u00fcber folgenden Link als PDF herunterladen.<\/p>\n\n\n\n<div class=\"wp-block-file\"><a href=\"http:\/\/forschung.psyergo.uni-wuerzburg.de\/wp-content\/uploads\/2020\/11\/ForDemo-Affinity-komplett-komprimiert.pdf\">ForDemo-Affinity-komplett<\/a><a href=\"http:\/\/forschung.psyergo.uni-wuerzburg.de\/wp-content\/uploads\/2020\/11\/ForDemo-Affinity-komplett-komprimiert.pdf\" class=\"wp-block-file__button\" download>Herunterladen<\/a><\/div>\n\n\n\n<iframe width=\"768\" height=\"432\" src=\"https:\/\/miro.com\/app\/live-embed\/o9J_ktQO90U=\/?moveToViewport=-10506,-4550,19475,9504\" frameBorder=\"0\" scrolling=\"no\" allowFullScreen><\/iframe>\n","protected":false},"excerpt":{"rendered":"<p>Affinity Diagramm 2018 haben wir damit begonnen, die Bed\u00fcrfnisse von Bewohner:innen, Stadtangestellten, Politiker:innen und weiteren B\u00fcrger:innen des Hublands zu untersuchen und zusammenzutragen. Dazu haben wir einerseits klassische Interviews mit Einzelpersonen [&hellip;]<\/p>\n","protected":false},"author":2,"featured_media":0,"parent":0,"menu_order":0,"comment_status":"open","ping_status":"closed","template":"","meta":{"_monsterinsights_skip_tracking":false,"_monsterinsights_sitenote_active":false,"_monsterinsights_sitenote_note":"","_monsterinsights_sitenote_category":0,"ocean_post_layout":"","ocean_both_sidebars_style":"","ocean_both_sidebars_content_width":0,"ocean_both_sidebars_sidebars_width":0,"ocean_sidebar":"0","ocean_second_sidebar":"0","ocean_disable_margins":"enable","ocean_add_body_class":"","ocean_shortcode_before_top_bar":"","ocean_shortcode_after_top_bar":"","ocean_shortcode_before_header":"","ocean_shortcode_after_header":"","ocean_has_shortcode":"","ocean_shortcode_after_title":"","ocean_shortcode_before_footer_widgets":"","ocean_shortcode_after_footer_widgets":"","ocean_shortcode_before_footer_bottom":"","ocean_shortcode_after_footer_bottom":"","ocean_display_top_bar":"default","ocean_display_header":"default","ocean_header_style":"","ocean_center_header_left_menu":"0","ocean_custom_header_template":"0","ocean_custom_logo":0,"ocean_custom_retina_logo":0,"ocean_custom_logo_max_width":0,"ocean_custom_logo_tablet_max_width":0,"ocean_custom_logo_mobile_max_width":0,"ocean_custom_logo_max_height":0,"ocean_custom_logo_tablet_max_height":0,"ocean_custom_logo_mobile_max_height":0,"ocean_header_custom_menu":"0","ocean_menu_typo_font_family":"0","ocean_menu_typo_font_subset":"","ocean_menu_typo_font_size":0,"ocean_menu_typo_font_size_tablet":0,"ocean_menu_typo_font_size_mobile":0,"ocean_menu_typo_font_size_unit":"px","ocean_menu_typo_font_weight":"","ocean_menu_typo_font_weight_tablet":"","ocean_menu_typo_font_weight_mobile":"","ocean_menu_typo_transform":"","ocean_menu_typo_transform_tablet":"","ocean_menu_typo_transform_mobile":"","ocean_menu_typo_line_height":0,"ocean_menu_typo_line_height_tablet":0,"ocean_menu_typo_line_height_mobile":0,"ocean_menu_typo_line_height_unit":"","ocean_menu_typo_spacing":0,"ocean_menu_typo_spacing_tablet":0,"ocean_menu_typo_spacing_mobile":0,"ocean_menu_typo_spacing_unit":"","ocean_menu_link_color":"","ocean_menu_link_color_hover":"","ocean_menu_link_color_active":"","ocean_menu_link_background":"","ocean_menu_link_hover_background":"","ocean_menu_link_active_background":"","ocean_menu_social_links_bg":"","ocean_menu_social_hover_links_bg":"","ocean_menu_social_links_color":"","ocean_menu_social_hover_links_color":"","ocean_disable_title":"default","ocean_disable_heading":"default","ocean_post_title":"","ocean_post_subheading":"","ocean_post_title_style":"","ocean_post_title_background_color":"","ocean_post_title_background":0,"ocean_post_title_bg_image_position":"","ocean_post_title_bg_image_attachment":"","ocean_post_title_bg_image_repeat":"","ocean_post_title_bg_image_size":"","ocean_post_title_height":0,"ocean_post_title_bg_overlay":0.5,"ocean_post_title_bg_overlay_color":"","ocean_disable_breadcrumbs":"default","ocean_breadcrumbs_color":"","ocean_breadcrumbs_separator_color":"","ocean_breadcrumbs_links_color":"","ocean_breadcrumbs_links_hover_color":"","ocean_display_footer_widgets":"default","ocean_display_footer_bottom":"default","ocean_custom_footer_template":"0","footnotes":""},"class_list":["post-281","page","type-page","status-publish","hentry","entry"],"_links":{"self":[{"href":"https:\/\/fordemocracy.psyergo.uni-wuerzburg.de\/index.php\/wp-json\/wp\/v2\/pages\/281","targetHints":{"allow":["GET"]}}],"collection":[{"href":"https:\/\/fordemocracy.psyergo.uni-wuerzburg.de\/index.php\/wp-json\/wp\/v2\/pages"}],"about":[{"href":"https:\/\/fordemocracy.psyergo.uni-wuerzburg.de\/index.php\/wp-json\/wp\/v2\/types\/page"}],"author":[{"embeddable":true,"href":"https:\/\/fordemocracy.psyergo.uni-wuerzburg.de\/index.php\/wp-json\/wp\/v2\/users\/2"}],"replies":[{"embeddable":true,"href":"https:\/\/fordemocracy.psyergo.uni-wuerzburg.de\/index.php\/wp-json\/wp\/v2\/comments?post=281"}],"version-history":[{"count":5,"href":"https:\/\/fordemocracy.psyergo.uni-wuerzburg.de\/index.php\/wp-json\/wp\/v2\/pages\/281\/revisions"}],"predecessor-version":[{"id":670,"href":"https:\/\/fordemocracy.psyergo.uni-wuerzburg.de\/index.php\/wp-json\/wp\/v2\/pages\/281\/revisions\/670"}],"wp:attachment":[{"href":"https:\/\/fordemocracy.psyergo.uni-wuerzburg.de\/index.php\/wp-json\/wp\/v2\/media?parent=281"}],"curies":[{"name":"wp","href":"https:\/\/api.w.org\/{rel}","templated":true}]}}